{"id":101,"date":"2019-09-13T16:02:03","date_gmt":"2019-09-13T14:02:03","guid":{"rendered":"https:\/\/asr655172787.wordpress.com\/?page_id=101"},"modified":"2024-11-09T07:44:34","modified_gmt":"2024-11-09T07:44:34","slug":"downloads","status":"publish","type":"page","link":"http:\/\/foerderverein-asr.de\/?page_id=101","title":{"rendered":"Mitglied werden"},"content":{"rendered":"\n<p>Wir freuen uns \u00fcber alle Unterst\u00fctzerInnen- egal ob mit Spenden, Mitgliedschaft, guten Ideen, oder materiellen Beitr\u00e4gen. Es sind auch projektgebundene Zuwendungen gew\u00fcnscht und m\u00f6glich.<\/p>\n\n\n\n<h2 class=\"wp-block-heading\" style=\"font-size:clamp(0.875rem, 0.875rem + ((1vw - 0.2rem) * 0.708), 1.3rem);\">Wer kann Mitglied werden?<\/h2>\n\n\n\n<ul class=\"wp-block-list\">\n<li>ehemalige Sch\u00fclerinnen und Sch\u00fcler<\/li>\n\n\n\n<li>Eltern von Sch\u00fclerinnen und Sch\u00fclern (gleichg\u00fcltig, ob die Kinder noch an der Schule sind oder nicht) <\/li>\n\n\n\n<li>ehemalige und aktive Elternbeiratsmitglieder<\/li>\n\n\n\n<li>ehemalige und derzeit t\u00e4tige Lehrkr\u00e4fte<\/li>\n\n\n\n<li>Freunde und G\u00f6nner, die zum Vereinszweck beitragen wollen<\/li>\n\n\n\n<li>Firmen und Institutionen, die unsere Arbeit l\u00e4ngerfristig unterst\u00fctzen m\u00f6chten<\/li>\n<\/ul>\n\n\n\n<p><span style=\"text-decoration:underline;\"> Der Verein dient keinem wirtschaftlichen Zweck und erstrebt keinerlei Gewinn, sondern verfolgt ausschlie\u00dflich und unmittelbar gemeinn\u00fctzige Zwecke.<\/span><\/p>\n\n\n\n<h2 class=\"wp-block-heading\" style=\"font-size:clamp(0.875rem, 0.875rem + ((1vw - 0.2rem) * 0.708), 1.3rem);\">Wie wird man Mitglied?<\/h2>\n\n\n\n<p>Die Mitgliedschaft wird durch eine schriftliche Beitrittserkl\u00e4rung und die anschlie\u00dfende Aufnahme erworben. Der Mitgliedsbeitrag betr\u00e4gt derzeit 18 \u20ac j\u00e4hrlich (bis 21 Jahre j\u00e4hrlich 5 \u20ac), \u00fcber weitere F\u00f6rderbeitr\u00e4ge freut sich der Verein nat\u00fcrlich. Spendenquittungen k\u00f6nnen ausgestellt werden. Die Beitr\u00e4ge werden per SEPA-Lastschriftmandat entrichtet.<\/p>\n\n\n\n<ul class=\"wp-block-list\">\n<li><a href=\"http:\/\/foerderverein-asr.de\/wp-content\/uploads\/2024\/11\/Foerderverein_AufnahmeantragPDF.pdf\" data-type=\"link\" data-id=\"http:\/\/foerderverein-asr.de\/wp-content\/uploads\/2024\/11\/Foerderverein_AufnahmeantragPDF.pdf\" target=\"_blank\" rel=\"noreferrer noopener\">Aufnahmeantrag in den Verein der Freunde der Albert-Schweitzer-Realschule-Regensburg (.pdf) <\/a><\/li>\n\n\n\n<li><a href=\"http:\/\/foerderverein-asr.de\/wp-content\/uploads\/2024\/11\/Foerderverein_AufnahmeantragPDF.pdf\">Aktuelle<\/a><a href=\"http:\/\/foerderverein-asr.de\/wp-content\/uploads\/2024\/11\/ASR_Satzung2011.pdf\" data-type=\"link\" data-id=\"http:\/\/foerderverein-asr.de\/wp-content\/uploads\/2024\/11\/ASR_Satzung2011.pdf\" target=\"_blank\" rel=\"noreferrer noopener\"> Satzung des F\u00f6rdervereins (.pdf)<\/a><\/li>\n<\/ul>\n\n\n\n<p><\/p>\n","protected":false},"excerpt":{"rendered":"<p>Wir freuen uns \u00fcber alle Unterst\u00fctzerInnen- egal ob mit Spenden, Mitgliedschaft, guten Ideen, oder materiellen Beitr\u00e4gen. Es sind auch projektgebundene Zuwendungen gew\u00fcnscht und m\u00f6glich. Wer kann Mitglied werden? Der Verein dient keinem wirtschaftlichen Zweck und erstrebt keinerlei Gewinn, sondern verfolgt ausschlie\u00dflich und unmittelbar gemeinn\u00fctzige Zwecke. Wie wird man Mitglied? Die Mitgliedschaft wird durch eine schriftliche [&hellip;]<\/p>\n","protected":false},"author":1,"featured_media":0,"parent":0,"menu_order":0,"comment_status":"closed","ping_status":"closed","template":"","meta":{"footnotes":""},"class_list":["post-101","page","type-page","status-publish","hentry"],"jetpack_sharing_enabled":false,"_links":{"self":[{"href":"http:\/\/foerderverein-asr.de\/index.php?rest_route=\/wp\/v2\/pages\/101","targetHints":{"allow":["GET"]}}],"collection":[{"href":"http:\/\/foerderverein-asr.de\/index.php?rest_route=\/wp\/v2\/pages"}],"about":[{"href":"http:\/\/foerderverein-asr.de\/index.php?rest_route=\/wp\/v2\/types\/page"}],"author":[{"embeddable":true,"href":"http:\/\/foerderverein-asr.de\/index.php?rest_route=\/wp\/v2\/users\/1"}],"replies":[{"embeddable":true,"href":"http:\/\/foerderverein-asr.de\/index.php?rest_route=%2Fwp%2Fv2%2Fcomments&post=101"}],"version-history":[{"count":7,"href":"http:\/\/foerderverein-asr.de\/index.php?rest_route=\/wp\/v2\/pages\/101\/revisions"}],"predecessor-version":[{"id":792,"href":"http:\/\/foerderverein-asr.de\/index.php?rest_route=\/wp\/v2\/pages\/101\/revisions\/792"}],"wp:attachment":[{"href":"http:\/\/foerderverein-asr.de\/index.php?rest_route=%2Fwp%2Fv2%2Fmedia&parent=101"}],"curies":[{"name":"wp","href":"https:\/\/api.w.org\/{rel}","templated":true}]}}