{"id":103,"date":"2019-11-01T16:09:17","date_gmt":"2019-11-01T14:09:17","guid":{"rendered":"https:\/\/asr655172787.wordpress.com\/?page_id=5"},"modified":"2024-11-11T12:04:42","modified_gmt":"2024-11-11T12:04:42","slug":"startseite","status":"publish","type":"page","link":"http:\/\/foerderverein-asr.de\/?page_id=103","title":{"rendered":"Ganztagsbetreuung und Ganztagsklassen"},"content":{"rendered":"\n<figure class=\"wp-block-image alignwide size-large is-style-rounded is-style-rounded--1\"><img loading=\"lazy\" decoding=\"async\" width=\"1024\" height=\"283\" src=\"http:\/\/foerderverein-asr.de\/wp-content\/uploads\/2024\/11\/B3_Umbau_aus-Moebellager-wird-Mensa_2004-bis-2006-scaled-e1730936002409-1024x283.jpeg\" alt=\"\" class=\"wp-image-506\" srcset=\"http:\/\/foerderverein-asr.de\/wp-content\/uploads\/2024\/11\/B3_Umbau_aus-Moebellager-wird-Mensa_2004-bis-2006-scaled-e1730936002409-1024x283.jpeg 1024w, http:\/\/foerderverein-asr.de\/wp-content\/uploads\/2024\/11\/B3_Umbau_aus-Moebellager-wird-Mensa_2004-bis-2006-scaled-e1730936002409-800x221.jpeg 800w, http:\/\/foerderverein-asr.de\/wp-content\/uploads\/2024\/11\/B3_Umbau_aus-Moebellager-wird-Mensa_2004-bis-2006-scaled-e1730936002409-768x212.jpeg 768w, http:\/\/foerderverein-asr.de\/wp-content\/uploads\/2024\/11\/B3_Umbau_aus-Moebellager-wird-Mensa_2004-bis-2006-scaled-e1730936002409-1536x425.jpeg 1536w, http:\/\/foerderverein-asr.de\/wp-content\/uploads\/2024\/11\/B3_Umbau_aus-Moebellager-wird-Mensa_2004-bis-2006-scaled-e1730936002409-2048x566.jpeg 2048w\" sizes=\"auto, (max-width: 1024px) 100vw, 1024px\" \/><\/figure>\n\n\n\n<h2 class=\"wp-block-heading\" style=\"font-size:clamp(0.875rem, 0.875rem + ((1vw - 0.2rem) * 0.708), 1.3rem);\">UNSER BEITRAG<\/h2>\n\n\n\n<p>Eltern w\u00fcnschen sich die bestm\u00f6gliche Betreuung ihrer Kinder. Kinder w\u00fcnschen sich eine inspirierende und unterst\u00fctzende Zeit. Und die Schule hat das Ziel, die ihr anvertrauten jungen Sch\u00fclerinnen und Sch\u00fcler bestm\u00f6glich, zeitgem\u00e4\u00df und ganzheitlich zu begleiten auf dem Weg ins Erwachsenwerden- gekr\u00f6nt mit einem Schulabschluss der Mittleren Reife. &#8211; Zweifelsohne eine herausfordernde Aufgabe zwischen gesellschaftlichem Wandel, Wandel im Bildungssystem und den Erwartungen der jungen Generationen.<\/p>\n\n\n\n<p>Mit unseren Ganztagesangeboten leisten wir einen Beitrag zu ausgewogener Lern- und Hausaufgabenzeit, gesunder Ern\u00e4hrung sowie Spiel- und Interaktionszeit. Und das alles professionell und mit viel Herz und Zuwendung dank unseres Betreuungspersonals.<\/p>\n\n\n\n<p><strong>Hier unsere Angebote im \u00dcberblick:<\/strong><\/p>\n\n\n\n<h2 class=\"wp-block-heading\" style=\"font-size:clamp(0.875rem, 0.875rem + ((1vw - 0.2rem) * 0.708), 1.3rem);\">GTK &#8211; die Ganztagsklassen 5G und 6G<\/h2>\n\n\n\n<p>Die Ganztagsklassen umfassen die Jahrgangsstufen f\u00fcnf und sechs. Im Ganztagsunterricht wird Ihr Kind durch einen <strong>rhythmisierten Schultag mit \u00dcbungsstunden am Vormittag und Nachmittag optimal gef\u00f6rdert<\/strong>. In diesen \u00dcbungsstunden werden die Unterrichtsinhalte mit einer Lehrkraft vertieft sowie auch die Hausaufgaben erledigt.<\/p>\n\n\n\n<p>Mittagessen, eine gro\u00dfz\u00fcgige Freizeitpause, wechselnde Aktionen sowie ein gesunder Pausensnack runden den Schultag ab.<\/p>\n\n\n\n<h2 class=\"wp-block-heading\" style=\"font-size:clamp(0.875rem, 0.875rem + ((1vw - 0.2rem) * 0.708), 1.3rem);\">GTB &#8211; Die Ganztagsbetreuung<\/h2>\n\n\n\n<p>Zudem wird f\u00fcr alle Jahrgangsstufen die Ganztagsbetreuung angeboten. Ein gesundes Mittagessen nach dem regul\u00e4ren Unterricht ist Dreh- und Angelpunkt f\u00fcr ein gemeinsames und harmonisches Miteinander.<\/p>\n\n\n\n<p>Danach gilt es, mit besonderer F\u00f6rderung f\u00fcr die f\u00fcnften bis siebten Klassen, den Unterrichtsstoff in einer zeitlich geregelten, aber frei einteilbaren Lernzeit zu festigen und Hausaufgaben anzufertigen. Dabei werden die Sch\u00fclerinnen und Sch\u00fcler von Betreuern unterst\u00fctzt.<\/p>\n\n\n\n<figure class=\"wp-block-image size-large is-resized wp-duotone-unset-2\"><img decoding=\"async\" src=\"http:\/\/foerderverein-asr.de\/wp-content\/uploads\/2024\/11\/Ganztagesbetreuung-1024x453.png\" alt=\"\" class=\"wp-image-663\" style=\"width:691px;height:auto\"\/><\/figure>\n\n\n\n<p><\/p>\n\n\n\n<h3 class=\"wp-block-heading\" style=\"font-size:clamp(0.875rem, 0.875rem + ((1vw - 0.2rem) * 0.708), 1.3rem);\">Wir f\u00f6rdern und fordern, je nach individuellen Bed\u00fcrfnissen<\/h3>\n\n\n\n<p>In erster Linie m\u00f6chten wir, dass Ihre Kinder sich bei uns wohlf\u00fchlen. Deshalb gestalten wir einen Rahmen, in dem Ihre Kinder selbst entscheiden d\u00fcrfen, wie lange sie \u00fcber unsere Mindestzeit hinaus ihre <strong>schulischen Aufgaben erledigen<\/strong> wollen. Dabei behalten wir durchaus mit Einwilligung der Erziehungsberechtigten die Noten im Blick und vereinbaren gemeinsam mit Ihrem Kind bei Notwendigkeit konkrete Regeln f\u00fcr das weitgehend selbst gesteuerte Lernen.<\/p>\n\n\n\n<p>Dazu pr\u00fcfen wir gemeinsam, insbesondere f\u00fcr die Jahrgangsstufen f\u00fcnf bis sieben, das Hausaufgabenheft, welches verpflichtend gef\u00fchrt werden muss. Dadurch k\u00f6nnen Sie als Eltern sehen, welche Hausaufgaben erledigt wurden und was gegebenenfalls noch zu tun ist. Gerade in diesem Punkt sind wir auf eine gute Zusammenarbeit mit Ihnen angewiesen.<\/p>\n\n\n\n<p>Ein bew\u00e4hrtes <strong>Feedbacksystem<\/strong> animiert die Sch\u00fclerinnen und Sch\u00fcler, ihre Ziele zu erreichen. Dar\u00fcber hinaus f\u00f6rdern wir auch praktische, soziale und pers\u00f6nliche Kompetenzen. Die Kinder k\u00f6nnen ihre W\u00fcnsche und Anliegen im Gespr\u00e4ch mit dem Betreuungsteam vorbringen. Zudem gibt es halbj\u00e4hrliche Feedbackgespr\u00e4che mit jedem Kind: Hier werden die schulische Situation besprochen, Gutes gest\u00e4rkt und bei Bedarf Verbesserungsschritte geplant.<\/p>\n\n\n\n<p>Neben der Lernzeit bieten wir Ihren Kindern vielf\u00e4ltige <strong>M\u00f6glichkeiten zur Freizeitgestaltung<\/strong>. Dazu geh\u00f6ren verschiedene \u201eFreizeitorte\u201c, wie ein Ruheraum mit Leseecke oder ein \u201eBillardraum\u201c mit Kicker und Billardtisch, aber auch wechselnde AG\u2019s, wie Theater, Tanz, Garten oder Zeichnen, bei denen sich Ihr Nachwuchs selbstst\u00e4ndig einbringen kann.<\/p>\n\n\n\n<h4 class=\"wp-block-heading\" style=\"font-size:clamp(0.875rem, 0.875rem + ((1vw - 0.2rem) * 0.708), 1.3rem);\">Wir wollen, dass Ihre Kinder gerne bei uns sind und sich gut aufgehoben f\u00fchlen. <\/h4>\n\n\n\n<p>Unsere Betreuer\/innen versorgen Ihre Kinder nach unseren besten M\u00f6glichkeiten. Wir tun alles daf\u00fcr, dass sich Ihr Nachwuchs bei uns wohlf\u00fchlt. Wir fordern, soweit es geht, und wir f\u00f6rdern, wo wir k\u00f6nnen. Wir versuchen Spa\u00df am Lernen zu vermitteln, denn wir wissen, dass Lernen ohne Spa\u00df nicht funktioniert \u2013 dass Lernen aber gleichzeitig ein St\u00fcck Arbeit und damit immer auch anstrengend ist, so wie es sp\u00e4ter im Beruf sein wird. Sie geben Ihre Kinder in unsere Obhut, wir machen das Beste daraus.<\/p>\n","protected":false},"excerpt":{"rendered":"<p>UNSER BEITRAG Eltern w\u00fcnschen sich die bestm\u00f6gliche Betreuung ihrer Kinder. Kinder w\u00fcnschen sich eine inspirierende und unterst\u00fctzende Zeit. Und die Schule hat das Ziel, die ihr anvertrauten jungen Sch\u00fclerinnen und Sch\u00fcler bestm\u00f6glich, zeitgem\u00e4\u00df und ganzheitlich zu begleiten auf dem Weg ins Erwachsenwerden- gekr\u00f6nt mit einem Schulabschluss der Mittleren Reife. &#8211; Zweifelsohne eine herausfordernde Aufgabe zwischen [&hellip;]<\/p>\n","protected":false},"author":1,"featured_media":0,"parent":0,"menu_order":1,"comment_status":"closed","ping_status":"closed","template":"","meta":{"footnotes":""},"class_list":["post-103","page","type-page","status-publish","hentry"],"jetpack_sharing_enabled":false,"_links":{"self":[{"href":"http:\/\/foerderverein-asr.de\/index.php?rest_route=\/wp\/v2\/pages\/103","targetHints":{"allow":["GET"]}}],"collection":[{"href":"http:\/\/foerderverein-asr.de\/index.php?rest_route=\/wp\/v2\/pages"}],"about":[{"href":"http:\/\/foerderverein-asr.de\/index.php?rest_route=\/wp\/v2\/types\/page"}],"author":[{"embeddable":true,"href":"http:\/\/foerderverein-asr.de\/index.php?rest_route=\/wp\/v2\/users\/1"}],"replies":[{"embeddable":true,"href":"http:\/\/foerderverein-asr.de\/index.php?rest_route=%2Fwp%2Fv2%2Fcomments&post=103"}],"version-history":[{"count":15,"href":"http:\/\/foerderverein-asr.de\/index.php?rest_route=\/wp\/v2\/pages\/103\/revisions"}],"predecessor-version":[{"id":671,"href":"http:\/\/foerderverein-asr.de\/index.php?rest_route=\/wp\/v2\/pages\/103\/revisions\/671"}],"wp:attachment":[{"href":"http:\/\/foerderverein-asr.de\/index.php?rest_route=%2Fwp%2Fv2%2Fmedia&parent=103"}],"curies":[{"name":"wp","href":"https:\/\/api.w.org\/{rel}","templated":true}]}}