{"id":517,"date":"2024-11-07T01:16:52","date_gmt":"2024-11-07T01:16:52","guid":{"rendered":"http:\/\/foerderverein-asr.de\/?page_id=517"},"modified":"2024-11-08T21:40:55","modified_gmt":"2024-11-08T21:40:55","slug":"alumninetzwerk","status":"publish","type":"page","link":"http:\/\/foerderverein-asr.de\/?page_id=517","title":{"rendered":"Alumninetzwerk"},"content":{"rendered":"\n<div class=\"wp-block-columns has-small-font-size is-layout-flex wp-container-core-columns-is-layout-28f84493 wp-block-columns-is-layout-flex\">\n<div class=\"wp-block-column has-small-font-size has-global-padding is-layout-constrained wp-container-core-column-is-layout-19e250f3 wp-block-column-is-layout-constrained\" style=\"flex-basis:400%\">\n<figure class=\"wp-block-image alignwide size-large is-style-rounded wp-duotone-111111-dfc7af-2 is-style-rounded--1\"><img loading=\"lazy\" decoding=\"async\" width=\"1024\" height=\"298\" src=\"http:\/\/foerderverein-asr.de\/wp-content\/uploads\/2024\/11\/AdobeStock_98161820-scaled-e1730942064370-1024x298.jpeg\" alt=\"\" class=\"wp-image-524\" srcset=\"http:\/\/foerderverein-asr.de\/wp-content\/uploads\/2024\/11\/AdobeStock_98161820-scaled-e1730942064370-1024x298.jpeg 1024w, http:\/\/foerderverein-asr.de\/wp-content\/uploads\/2024\/11\/AdobeStock_98161820-scaled-e1730942064370-800x233.jpeg 800w, http:\/\/foerderverein-asr.de\/wp-content\/uploads\/2024\/11\/AdobeStock_98161820-scaled-e1730942064370-768x224.jpeg 768w, http:\/\/foerderverein-asr.de\/wp-content\/uploads\/2024\/11\/AdobeStock_98161820-scaled-e1730942064370-1536x448.jpeg 1536w, http:\/\/foerderverein-asr.de\/wp-content\/uploads\/2024\/11\/AdobeStock_98161820-scaled-e1730942064370-2048x597.jpeg 2048w\" sizes=\"auto, (max-width: 1024px) 100vw, 1024px\" \/><\/figure>\n<\/div>\n<\/div>\n\n\n\n<p><\/p>\n\n\n\n<p><strong>61 Jahre Albert-Schweitzer-Realschule Regensburg! <\/strong>Das Alumninetzwerk w\u00e4chst und wir freuen uns \u00fcber viele Alumni, die mit der Schule in Kontakt bleiben m\u00f6chten.<\/p>\n\n\n\n<p>Gemeinsam mit der Schulleitung organisieren wir j\u00e4hrlich ein Alumni-Treffen mit interessanten News, der M\u00f6glichkeit, alte Geschichten aus der Schulzeit zu w\u00e4lzen und das eine oder andere Tanzbein zu schwingen. Und das alles bei einem gem\u00fctlichen Ambiente mit kulinarischer Versorgung und guter Musik.<\/p>\n\n\n\n<p>Ihr seid noch nicht Teil unseres Netzwerks? Dann meldet euch &#8211; wir nehmen euch sehr gern mit auf.<\/p>\n\n\n\n<p><\/p>\n","protected":false},"excerpt":{"rendered":"<p>61 Jahre Albert-Schweitzer-Realschule Regensburg! Das Alumninetzwerk w\u00e4chst und wir freuen uns \u00fcber viele Alumni, die mit der Schule in Kontakt bleiben m\u00f6chten. Gemeinsam mit der Schulleitung organisieren wir j\u00e4hrlich ein Alumni-Treffen mit interessanten News, der M\u00f6glichkeit, alte Geschichten aus der Schulzeit zu w\u00e4lzen und das eine oder andere Tanzbein zu schwingen. Und das alles bei [&hellip;]<\/p>\n","protected":false},"author":1,"featured_media":0,"parent":0,"menu_order":0,"comment_status":"closed","ping_status":"closed","template":"","meta":{"footnotes":""},"class_list":["post-517","page","type-page","status-publish","hentry"],"jetpack_sharing_enabled":true,"_links":{"self":[{"href":"http:\/\/foerderverein-asr.de\/index.php?rest_route=\/wp\/v2\/pages\/517","targetHints":{"allow":["GET"]}}],"collection":[{"href":"http:\/\/foerderverein-asr.de\/index.php?rest_route=\/wp\/v2\/pages"}],"about":[{"href":"http:\/\/foerderverein-asr.de\/index.php?rest_route=\/wp\/v2\/types\/page"}],"author":[{"embeddable":true,"href":"http:\/\/foerderverein-asr.de\/index.php?rest_route=\/wp\/v2\/users\/1"}],"replies":[{"embeddable":true,"href":"http:\/\/foerderverein-asr.de\/index.php?rest_route=%2Fwp%2Fv2%2Fcomments&post=517"}],"version-history":[{"count":5,"href":"http:\/\/foerderverein-asr.de\/index.php?rest_route=\/wp\/v2\/pages\/517\/revisions"}],"predecessor-version":[{"id":637,"href":"http:\/\/foerderverein-asr.de\/index.php?rest_route=\/wp\/v2\/pages\/517\/revisions\/637"}],"wp:attachment":[{"href":"http:\/\/foerderverein-asr.de\/index.php?rest_route=%2Fwp%2Fv2%2Fmedia&parent=517"}],"curies":[{"name":"wp","href":"https:\/\/api.w.org\/{rel}","templated":true}]}}