{"id":54,"date":"2019-07-23T19:11:19","date_gmt":"2019-07-23T17:11:19","guid":{"rendered":"https:\/\/asr655172787.wordpress.com\/?page_id=54"},"modified":"2025-05-08T09:49:38","modified_gmt":"2025-05-08T09:49:38","slug":"sponsoren","status":"publish","type":"page","link":"http:\/\/foerderverein-asr.de\/?page_id=54","title":{"rendered":"Spenden"},"content":{"rendered":"\n<figure class=\"wp-block-image alignwide size-large is-style-rounded is-style-rounded--1\"><img decoding=\"async\" src=\"http:\/\/foerderverein-asr.de\/wp-content\/uploads\/2024\/11\/B12a_Schuelerbuecherei-e1730937836242-1024x291.png\" alt=\"\" class=\"wp-image-519\"\/><\/figure>\n\n\n\n<p><\/p>\n\n\n\n<p>Wir freuen uns \u00fcber alle Unterst\u00fctzerInnen- egal ob mit Spenden, Mitgliedschaft, guten Ideen, oder materiellen Beitr\u00e4gen. Es sind auch projektgebundene Zuwendungen gew\u00fcnscht und m\u00f6glich.<\/p>\n\n\n\n<h2 class=\"wp-block-heading\" style=\"font-size:clamp(0.875rem, 0.875rem + ((1vw - 0.2rem) * 0.708), 1.3rem);\">Wie Kann ich SpENDEN?<\/h2>\n\n\n\n<p><\/p>\n\n\n\n<p>Sie k\u00f6nnen also gern allgemeiner Vereinssponsor werden, oder aber gezielt Projekt-\/Themen-\/Aktionsgebunden spenden. Dazu finden Sie <a href=\"https:\/\/foerderverein-asr.de\/wp-content\/uploads\/2025\/05\/Vorschlaege-fuer-jaehrliche-Spendenmoeglichkeiten.pdf\">HIER<\/a> eine Liste an M\u00f6glichkeiten.<\/p>\n\n\n\n<p>Nehmen Sie gern Kontakt auf mit uns. &#8211; Wir richten die Art der Spende gern nach Ihrem Anliegen aus.<\/p>\n\n\n\n<p>Selbstverst\u00e4ndlich stellen wir Ihnen eine Spendenquittung aus und machen Sie als Unterst\u00fctzerIn gern sichtbar: ob \u00fcber Ihr Logo auf unserer Website oder eine \u00f6ffentlichkeitswirksame Spenden\u00fcbergabe.<\/p>\n\n\n\n<p><\/p>\n","protected":false},"excerpt":{"rendered":"<p>Wir freuen uns \u00fcber alle Unterst\u00fctzerInnen- egal ob mit Spenden, Mitgliedschaft, guten Ideen, oder materiellen Beitr\u00e4gen. Es sind auch projektgebundene Zuwendungen gew\u00fcnscht und m\u00f6glich. Wie Kann ich SpENDEN? Sie k\u00f6nnen also gern allgemeiner Vereinssponsor werden, oder aber gezielt Projekt-\/Themen-\/Aktionsgebunden spenden. Dazu finden Sie HIER eine Liste an M\u00f6glichkeiten. Nehmen Sie gern Kontakt auf mit uns. [&hellip;]<\/p>\n","protected":false},"author":1,"featured_media":0,"parent":0,"menu_order":0,"comment_status":"closed","ping_status":"closed","template":"","meta":{"footnotes":""},"class_list":["post-54","page","type-page","status-publish","hentry"],"jetpack_sharing_enabled":false,"_links":{"self":[{"href":"http:\/\/foerderverein-asr.de\/index.php?rest_route=\/wp\/v2\/pages\/54","targetHints":{"allow":["GET"]}}],"collection":[{"href":"http:\/\/foerderverein-asr.de\/index.php?rest_route=\/wp\/v2\/pages"}],"about":[{"href":"http:\/\/foerderverein-asr.de\/index.php?rest_route=\/wp\/v2\/types\/page"}],"author":[{"embeddable":true,"href":"http:\/\/foerderverein-asr.de\/index.php?rest_route=\/wp\/v2\/users\/1"}],"replies":[{"embeddable":true,"href":"http:\/\/foerderverein-asr.de\/index.php?rest_route=%2Fwp%2Fv2%2Fcomments&post=54"}],"version-history":[{"count":24,"href":"http:\/\/foerderverein-asr.de\/index.php?rest_route=\/wp\/v2\/pages\/54\/revisions"}],"predecessor-version":[{"id":791,"href":"http:\/\/foerderverein-asr.de\/index.php?rest_route=\/wp\/v2\/pages\/54\/revisions\/791"}],"wp:attachment":[{"href":"http:\/\/foerderverein-asr.de\/index.php?rest_route=%2Fwp%2Fv2%2Fmedia&parent=54"}],"curies":[{"name":"wp","href":"https:\/\/api.w.org\/{rel}","templated":true}]}}