{"id":578,"date":"2024-11-07T04:54:56","date_gmt":"2024-11-07T04:54:56","guid":{"rendered":"http:\/\/foerderverein-asr.de\/?page_id=578"},"modified":"2026-03-12T19:16:29","modified_gmt":"2026-03-12T19:16:29","slug":"aktuelles","status":"publish","type":"page","link":"http:\/\/foerderverein-asr.de\/?page_id=578","title":{"rendered":"Aktuelles"},"content":{"rendered":"\n<div class=\"wp-block-media-text is-stacked-on-mobile\" style=\"grid-template-columns:29% auto\"><figure class=\"wp-block-media-text__media\"><img loading=\"lazy\" decoding=\"async\" width=\"1024\" height=\"768\" src=\"http:\/\/foerderverein-asr.de\/wp-content\/uploads\/2026\/03\/IMG_3584-1024x768.jpeg\" alt=\"\" class=\"wp-image-935 size-full\" srcset=\"http:\/\/foerderverein-asr.de\/wp-content\/uploads\/2026\/03\/IMG_3584-1024x768.jpeg 1024w, http:\/\/foerderverein-asr.de\/wp-content\/uploads\/2026\/03\/IMG_3584-800x600.jpeg 800w, http:\/\/foerderverein-asr.de\/wp-content\/uploads\/2026\/03\/IMG_3584-768x576.jpeg 768w, http:\/\/foerderverein-asr.de\/wp-content\/uploads\/2026\/03\/IMG_3584-1536x1152.jpeg 1536w, http:\/\/foerderverein-asr.de\/wp-content\/uploads\/2026\/03\/IMG_3584.jpeg 2016w\" sizes=\"auto, (max-width: 1024px) 100vw, 1024px\" \/><\/figure><div class=\"wp-block-media-text__content\">\n<p><strong>Neue Unterwasserwelt in der Ganztagsbetreuung<\/strong><\/p>\n\n\n\n<p>\u2026immer kreativ sind unsere Sch\u00fclerinnen und Sch\u00fcler. Hier haben uns unsere K\u00fcnstlerinnen Sina und Fatima aus der 6a eine neue Dekoration f\u00fcr den Essraum gestaltet.<\/p>\n<\/div><\/div>\n\n\n\n<div class=\"wp-block-media-text has-media-on-the-right is-stacked-on-mobile\" style=\"grid-template-columns:auto 25%\"><div class=\"wp-block-media-text__content\">\n<p><strong>25 Jahre F\u00f6rderverein!!!<\/strong><\/p>\n\n\n\n<p>Ein viertel Jahrhundert\u2026 so lang leistet der Verein bereits seinen Beitrag f\u00fcr ein sch\u00f6neres Schulleben an der Albert-Schweitzer-Realschule Regensburg. Darauf sind wir stolz und hoffen, dass es noch viele weitere Jubil\u00e4en geben wird.<\/p>\n\n\n\n<p>\u2026 <strong>UND:<\/strong> Der Verein lebt von <a href=\"https:\/\/foerderverein-asr.de\/?page_id=101\" data-type=\"page\" data-id=\"101\"><strong>Mitgliedern<\/strong><\/a> und <a href=\"https:\/\/foerderverein-asr.de\/?page_id=54\" data-type=\"page\" data-id=\"54\"><strong>Spenden<\/strong><\/a>. Wir freuen uns \u00fcber Jede und Jeden, die\/ der uns unterst\u00fctzt.<\/p>\n<\/div><figure class=\"wp-block-media-text__media\"><img loading=\"lazy\" decoding=\"async\" width=\"1024\" height=\"1024\" src=\"http:\/\/foerderverein-asr.de\/wp-content\/uploads\/2026\/02\/6829518-1024x1024.jpg\" alt=\"\" class=\"wp-image-909 size-full\" srcset=\"http:\/\/foerderverein-asr.de\/wp-content\/uploads\/2026\/02\/6829518-1024x1024.jpg 1024w, http:\/\/foerderverein-asr.de\/wp-content\/uploads\/2026\/02\/6829518-800x800.jpg 800w, http:\/\/foerderverein-asr.de\/wp-content\/uploads\/2026\/02\/6829518-150x150.jpg 150w, http:\/\/foerderverein-asr.de\/wp-content\/uploads\/2026\/02\/6829518-768x768.jpg 768w, http:\/\/foerderverein-asr.de\/wp-content\/uploads\/2026\/02\/6829518-1536x1536.jpg 1536w, http:\/\/foerderverein-asr.de\/wp-content\/uploads\/2026\/02\/6829518.jpg 2000w\" sizes=\"auto, (max-width: 1024px) 100vw, 1024px\" \/><\/figure><\/div>\n\n\n\n<div class=\"wp-block-media-text is-stacked-on-mobile\" style=\"grid-template-columns:23% auto\"><figure  class=\"wp-block-media-text__media\"><img loading=\"lazy\" decoding=\"async\" width=\"1512\" height=\"2016\" alt=\"\" src=\"http:\/\/foerderverein-asr.de\/wp-content\/uploads\/2025\/10\/IMG_1780-rotated.jpeg\" class=\"wp-image-848 size-full\" srcset=\"http:\/\/foerderverein-asr.de\/wp-content\/uploads\/2025\/10\/IMG_1780-rotated.jpeg 1512w, http:\/\/foerderverein-asr.de\/wp-content\/uploads\/2025\/10\/IMG_1780-600x800.jpeg 600w, http:\/\/foerderverein-asr.de\/wp-content\/uploads\/2025\/10\/IMG_1780-768x1024.jpeg 768w, http:\/\/foerderverein-asr.de\/wp-content\/uploads\/2025\/10\/IMG_1780-1152x1536.jpeg 1152w\" sizes=\"auto, (max-width: 1512px) 100vw, 1512px\" \/><\/figure><div class=\"wp-block-media-text__content\">\n<p><strong>Herbstzeit ist K\u00fcrbiszeit!<\/strong><\/p>\n\n\n\n<p>\u2026und nicht nur das! In unserer Ganztagesbetreuung (GTB) wird flei\u00dfig gearbeitet in verschiedenen Arbeitsgruppen: In der Chat GPT-AG besch\u00e4ftigen sich die 7.-9. Klassen mit KI, Hausaufgaben &amp; co., Waffeln werden verkauft im Sch\u00fcler-Caf\u00e9, die GTB-Zeitung wird erstellt. Und nat\u00fcrlich ist die K\u00fcrbis-AG flei\u00dfig im Austausch mit dem K\u00fcrbis-Bauern.<\/p>\n<\/div><\/div>\n\n\n\n<div class=\"wp-block-media-text has-media-on-the-right is-stacked-on-mobile is-image-fill-element\" style=\"grid-template-columns:auto 40%\"><div class=\"wp-block-media-text__content\">\n<p><strong>Kleine K\u00fcnstler malen gro\u00dfe K\u00fcnstler<\/strong><\/p>\n\n\n\n<p>Im Mai 2025 sind durch unsere kleinen K\u00fcnstler wieder einige tolle malerische Kunstwerke im Rahmen der Ganztagsbetreuung entstanden. Findet ihr nicht auch?<\/p>\n<\/div><figure class=\"wp-block-media-text__media\"><img loading=\"lazy\" decoding=\"async\" width=\"2560\" height=\"1920\" src=\"https:\/\/foerderverein-asr.de\/wp-content\/uploads\/2025\/05\/IMG_0485-scaled.jpg\" alt=\"K\u00fcnstler_Ganztag, Mai 2025\" class=\"wp-image-799 size-full\" style=\"object-position:50% 50%\" srcset=\"http:\/\/foerderverein-asr.de\/wp-content\/uploads\/2025\/05\/IMG_0485-scaled.jpg 2560w, http:\/\/foerderverein-asr.de\/wp-content\/uploads\/2025\/05\/IMG_0485-800x600.jpg 800w, http:\/\/foerderverein-asr.de\/wp-content\/uploads\/2025\/05\/IMG_0485-1024x768.jpg 1024w, http:\/\/foerderverein-asr.de\/wp-content\/uploads\/2025\/05\/IMG_0485-768x576.jpg 768w, http:\/\/foerderverein-asr.de\/wp-content\/uploads\/2025\/05\/IMG_0485-1536x1152.jpg 1536w, http:\/\/foerderverein-asr.de\/wp-content\/uploads\/2025\/05\/IMG_0485-2048x1536.jpg 2048w\" sizes=\"auto, (max-width: 2560px) 100vw, 2560px\" \/><\/figure><\/div>\n\n\n\n<div class=\"wp-block-media-text is-stacked-on-mobile\" style=\"grid-template-columns:22% auto\"><figure class=\"wp-block-media-text__media\"><img loading=\"lazy\" decoding=\"async\" width=\"768\" height=\"1024\" src=\"https:\/\/foerderverein-asr.de\/wp-content\/uploads\/2025\/04\/Ostern25_GTB.jpg-2-768x1024.jpeg\" alt=\"Osterbrunch in der GBT \" class=\"wp-image-774 size-full\" srcset=\"http:\/\/foerderverein-asr.de\/wp-content\/uploads\/2025\/04\/Ostern25_GTB.jpg-2-768x1024.jpeg 768w, http:\/\/foerderverein-asr.de\/wp-content\/uploads\/2025\/04\/Ostern25_GTB.jpg-2-600x800.jpeg 600w, http:\/\/foerderverein-asr.de\/wp-content\/uploads\/2025\/04\/Ostern25_GTB.jpg-2-1152x1536.jpeg 1152w, http:\/\/foerderverein-asr.de\/wp-content\/uploads\/2025\/04\/Ostern25_GTB.jpg-2-1536x2048.jpeg 1536w, http:\/\/foerderverein-asr.de\/wp-content\/uploads\/2025\/04\/Ostern25_GTB.jpg-2-scaled.jpeg 1920w\" sizes=\"auto, (max-width: 768px) 100vw, 768px\" \/><\/figure><div class=\"wp-block-media-text__content\">\n<p><strong>Osterbrunch in der Ganztagsbetreuung<\/strong><\/p>\n\n\n\n<p>Am 9. April 2025 war der allj\u00e4hrliche Osterbrunch in der <a href=\"https:\/\/foerderverein-asr.de\/?page_id=103\" data-type=\"link\" data-id=\"https:\/\/foerderverein-asr.de\/?page_id=103\">Ganztagsbetreuung<\/a>. Neben der sch\u00f6nen Oster- Dekoration gab es viele Leckereien.<\/p>\n\n\n\n<p class=\"has-custom-color-1-color has-base-background-color has-text-color has-background has-link-color wp-elements-172f78f0c5e8a4a3aa0b14c89c6745b5\"><strong>O-Ton von Lukas S., einem unserer Sch\u00fcler: \u201eIch kann nicht aufh\u00f6ren, es ist so lecker.\u201c <\/strong>\ud83d\ude42<\/p>\n<\/div><\/div>\n\n\n\n<p><\/p>\n","protected":false},"excerpt":{"rendered":"<p>Neue Unterwasserwelt in der Ganztagsbetreuung \u2026immer kreativ sind unsere Sch\u00fclerinnen und Sch\u00fcler. Hier haben uns unsere K\u00fcnstlerinnen Sina und Fatima aus der 6a eine neue Dekoration f\u00fcr den Essraum gestaltet. 25 Jahre F\u00f6rderverein!!! Ein viertel Jahrhundert\u2026 so lang leistet der Verein bereits seinen Beitrag f\u00fcr ein sch\u00f6neres Schulleben an der Albert-Schweitzer-Realschule Regensburg. Darauf sind wir [&hellip;]<\/p>\n","protected":false},"author":1,"featured_media":848,"parent":0,"menu_order":0,"comment_status":"closed","ping_status":"closed","template":"","meta":{"footnotes":""},"class_list":["post-578","page","type-page","status-publish","has-post-thumbnail","hentry"],"jetpack_sharing_enabled":true,"_links":{"self":[{"href":"http:\/\/foerderverein-asr.de\/index.php?rest_route=\/wp\/v2\/pages\/578","targetHints":{"allow":["GET"]}}],"collection":[{"href":"http:\/\/foerderverein-asr.de\/index.php?rest_route=\/wp\/v2\/pages"}],"about":[{"href":"http:\/\/foerderverein-asr.de\/index.php?rest_route=\/wp\/v2\/types\/page"}],"author":[{"embeddable":true,"href":"http:\/\/foerderverein-asr.de\/index.php?rest_route=\/wp\/v2\/users\/1"}],"replies":[{"embeddable":true,"href":"http:\/\/foerderverein-asr.de\/index.php?rest_route=%2Fwp%2Fv2%2Fcomments&post=578"}],"version-history":[{"count":30,"href":"http:\/\/foerderverein-asr.de\/index.php?rest_route=\/wp\/v2\/pages\/578\/revisions"}],"predecessor-version":[{"id":937,"href":"http:\/\/foerderverein-asr.de\/index.php?rest_route=\/wp\/v2\/pages\/578\/revisions\/937"}],"wp:featuredmedia":[{"embeddable":true,"href":"http:\/\/foerderverein-asr.de\/index.php?rest_route=\/wp\/v2\/media\/848"}],"wp:attachment":[{"href":"http:\/\/foerderverein-asr.de\/index.php?rest_route=%2Fwp%2Fv2%2Fmedia&parent=578"}],"curies":[{"name":"wp","href":"https:\/\/api.w.org\/{rel}","templated":true}]}}