{"id":91,"date":"2019-11-01T15:54:00","date_gmt":"2019-11-01T13:54:00","guid":{"rendered":"https:\/\/asr655172787.wordpress.com\/?page_id=91"},"modified":"2025-10-18T22:30:43","modified_gmt":"2025-10-18T22:30:43","slug":"der-foerderverein-stellt-sich-vor","status":"publish","type":"page","link":"https:\/\/foerderverein-asr.de\/","title":{"rendered":""},"content":{"rendered":"\n<h2 class=\"wp-block-heading is-style-default\" style=\"font-size:clamp(0.875rem, 0.875rem + ((1vw - 0.2rem) * 0.708), 1.3rem);\">Ziele des Vereins<\/h2>\n\n\n\n<figure class=\"wp-block-image alignwide size-large\"><img loading=\"lazy\" decoding=\"async\" width=\"1024\" height=\"258\" src=\"http:\/\/foerderverein-asr.de\/wp-content\/uploads\/2024\/11\/cropped-Blaeserklasse-scaled-1-e1730934226996-1024x258.jpeg\" alt=\"\" class=\"wp-image-462\" srcset=\"https:\/\/foerderverein-asr.de\/wp-content\/uploads\/2024\/11\/cropped-Blaeserklasse-scaled-1-e1730934226996-1024x258.jpeg 1024w, https:\/\/foerderverein-asr.de\/wp-content\/uploads\/2024\/11\/cropped-Blaeserklasse-scaled-1-e1730934226996-800x201.jpeg 800w, https:\/\/foerderverein-asr.de\/wp-content\/uploads\/2024\/11\/cropped-Blaeserklasse-scaled-1-e1730934226996-768x193.jpeg 768w, https:\/\/foerderverein-asr.de\/wp-content\/uploads\/2024\/11\/cropped-Blaeserklasse-scaled-1-e1730934226996.jpeg 1360w\" sizes=\"auto, (max-width: 1024px) 100vw, 1024px\" \/><\/figure>\n\n\n\n<p class=\"has-text-align-left\">Wir unterst\u00fctzen das Schulleben an der Albert-Schweitzer-Realschule in ideeller und materieller Hinsicht im Schulterschluss mit der Schulleitung und dem Elternbeirat. <\/p>\n\n\n\n<h4 class=\"wp-block-heading\" style=\"font-size:clamp(0.875rem, 0.875rem + ((1vw - 0.2rem) * 0.708), 1.3rem);\">dabei nehmen wir folgende Rollen und Aufgaben wahr:<\/h4>\n\n\n\n<div class=\"wp-block-group has-global-padding is-layout-constrained wp-block-group-is-layout-constrained\">\n<figure class=\"wp-block-table is-style-stripes\"><table style=\"border-style:none;border-width:0px\"><tbody><tr><td><strong>#NETZWERKER<\/strong><\/td><td><\/td><td><\/td><td><\/td><td>Wir schaffen und pflegen die Verbindung mit \u201eEhemaligen\u201c (Sch\u00fclerInnen\/Eltern\/Lehrkr\u00e4ften) und interessierten Freunden der Schule.<\/td><\/tr><tr><td><strong>#MACHER<\/strong><\/td><td><\/td><td><\/td><td><\/td><td>Wir sind Kooperationspartner der Regierung f\u00fcr Ganztagsangebote (einschlie\u00dflich Mittagsverpflegung, Hausaufgabenbetreuung, Spielzeit): Wir organisieren und betreuen mit von uns engagierten und finanzierten Betreuer\/innen.<\/td><\/tr><tr><td><strong>#ERM\u00d6GLICHER<\/strong><\/td><td><\/td><td><\/td><td><\/td><td>Wir sind Adressat f\u00fcr die Zuwendung \u00f6ffentlicher Finanzmittel oder Spenden- zur St\u00e4rkung unserer Schule.<\/td><\/tr><tr><td><strong>#AUSSTATTER<\/strong><\/td><td><\/td><td><\/td><td><\/td><td>Wir beschaffen zus\u00e4tzliche Ausstattung f\u00fcr die Schule.<\/td><\/tr><tr><td><strong>#F\u00d6RDERER<\/strong><\/td><td><\/td><td><\/td><td><\/td><td>Wir gew\u00e4hren Einzelfall-Beihilfe f\u00fcr bed\u00fcrftige Sch\u00fclerInnen, damit alle Teil der Gemeinschaft sein k\u00f6nnen                     (z. B. Zuschuss zu Klassenfahrten).<\/td><\/tr><tr><td><strong>#GESTALTER<\/strong><\/td><td><\/td><td><\/td><td><\/td><td>Wir gestalten aktiv und kooperativ das Schulleben mit &#8211; als Teil der Schulfamilie im Schulterschluss mit <a href=\"https:\/\/asr-regensburg.de\/schulfamilie\/\" data-type=\"link\" data-id=\"https:\/\/asr-regensburg.de\/schulfamilie\/\" target=\"_blank\" rel=\"noreferrer noopener\">den Lehrkr\u00e4ften<\/a>, dem <a href=\"https:\/\/asr-regensburg.de\/elternbeirat-foerderverein\/\" data-type=\"link\" data-id=\"https:\/\/asr-regensburg.de\/elternbeirat-foerderverein\/\" target=\"_blank\" rel=\"noreferrer noopener\">Elternbeirat<\/a>, der<a href=\"https:\/\/asr-regensburg.de\/smv\/\" data-type=\"link\" data-id=\"https:\/\/asr-regensburg.de\/smv\/\" target=\"_blank\" rel=\"noreferrer noopener\"> SMV<\/a> und vielen Anderen.<\/td><\/tr><\/tbody><\/table><\/figure>\n<\/div>\n\n\n\n<hr class=\"wp-block-separator has-css-opacity is-style-wide\"\/>\n\n\n\n<div class=\"wp-block-group is-layout-grid wp-container-core-group-is-layout-73d44df6 wp-block-group-is-layout-grid\">\n<figure class=\"wp-block-gallery has-nested-images columns-default is-cropped wp-block-gallery-1 is-layout-flex wp-block-gallery-is-layout-flex\">\n<figure class=\"wp-block-image size-large\"><img loading=\"lazy\" decoding=\"async\" width=\"1024\" height=\"683\" data-id=\"501\" src=\"http:\/\/foerderverein-asr.de\/wp-content\/uploads\/2024\/11\/B15_Unterstuetzung-Blaeserklasse-und-Talentgruppen-1024x683.jpg\" alt=\"\" class=\"wp-image-501\" srcset=\"https:\/\/foerderverein-asr.de\/wp-content\/uploads\/2024\/11\/B15_Unterstuetzung-Blaeserklasse-und-Talentgruppen-1024x683.jpg 1024w, https:\/\/foerderverein-asr.de\/wp-content\/uploads\/2024\/11\/B15_Unterstuetzung-Blaeserklasse-und-Talentgruppen-800x533.jpg 800w, https:\/\/foerderverein-asr.de\/wp-content\/uploads\/2024\/11\/B15_Unterstuetzung-Blaeserklasse-und-Talentgruppen-768x512.jpg 768w, https:\/\/foerderverein-asr.de\/wp-content\/uploads\/2024\/11\/B15_Unterstuetzung-Blaeserklasse-und-Talentgruppen-1536x1024.jpg 1536w, https:\/\/foerderverein-asr.de\/wp-content\/uploads\/2024\/11\/B15_Unterstuetzung-Blaeserklasse-und-Talentgruppen-2048x1366.jpg 2048w\" sizes=\"auto, (max-width: 1024px) 100vw, 1024px\" \/><figcaption class=\"wp-element-caption\">Musikinstrumente &amp; iPads<\/figcaption><\/figure>\n<\/figure>\n\n\n\n<figure class=\"wp-block-gallery has-nested-images columns-default is-cropped wp-block-gallery-2 is-layout-flex wp-block-gallery-is-layout-flex\">\n<figure class=\"wp-block-image size-large\"><img loading=\"lazy\" decoding=\"async\" width=\"1024\" height=\"768\" data-id=\"507\" src=\"http:\/\/foerderverein-asr.de\/wp-content\/uploads\/2024\/11\/B6_Bewegte-Freizeit_Ganztag-1024x768.jpg\" alt=\"Sport- und Freizeitger\u00e4te\" class=\"wp-image-507\" srcset=\"https:\/\/foerderverein-asr.de\/wp-content\/uploads\/2024\/11\/B6_Bewegte-Freizeit_Ganztag-1024x768.jpg 1024w, https:\/\/foerderverein-asr.de\/wp-content\/uploads\/2024\/11\/B6_Bewegte-Freizeit_Ganztag-800x600.jpg 800w, https:\/\/foerderverein-asr.de\/wp-content\/uploads\/2024\/11\/B6_Bewegte-Freizeit_Ganztag-768x576.jpg 768w, https:\/\/foerderverein-asr.de\/wp-content\/uploads\/2024\/11\/B6_Bewegte-Freizeit_Ganztag.jpg 1261w\" sizes=\"auto, (max-width: 1024px) 100vw, 1024px\" \/><figcaption class=\"wp-element-caption\">Sport- und Freizeitger\u00e4te<\/figcaption><\/figure>\n<\/figure>\n\n\n\n<figure class=\"wp-block-gallery has-nested-images columns-default is-cropped wp-block-gallery-3 is-layout-flex wp-block-gallery-is-layout-flex\">\n<figure class=\"wp-block-image size-full is-style-default\"><img loading=\"lazy\" decoding=\"async\" width=\"2560\" height=\"1920\" data-id=\"509\" src=\"http:\/\/foerderverein-asr.de\/wp-content\/uploads\/2024\/11\/B10_Angebot-Lernzeit-scaled.jpeg\" alt=\"\" class=\"wp-image-509\" srcset=\"https:\/\/foerderverein-asr.de\/wp-content\/uploads\/2024\/11\/B10_Angebot-Lernzeit-scaled.jpeg 2560w, https:\/\/foerderverein-asr.de\/wp-content\/uploads\/2024\/11\/B10_Angebot-Lernzeit-800x600.jpeg 800w, https:\/\/foerderverein-asr.de\/wp-content\/uploads\/2024\/11\/B10_Angebot-Lernzeit-1024x768.jpeg 1024w, https:\/\/foerderverein-asr.de\/wp-content\/uploads\/2024\/11\/B10_Angebot-Lernzeit-768x576.jpeg 768w, https:\/\/foerderverein-asr.de\/wp-content\/uploads\/2024\/11\/B10_Angebot-Lernzeit-1536x1152.jpeg 1536w, https:\/\/foerderverein-asr.de\/wp-content\/uploads\/2024\/11\/B10_Angebot-Lernzeit-2048x1536.jpeg 2048w\" sizes=\"auto, (max-width: 2560px) 100vw, 2560px\" \/><figcaption class=\"wp-element-caption\">Lernzeiten<\/figcaption><\/figure>\n<\/figure>\n\n\n\n<figure class=\"wp-block-gallery has-nested-images columns-default is-cropped wp-block-gallery-4 is-layout-flex wp-block-gallery-is-layout-flex\">\n<figure class=\"wp-block-image size-large\"><img loading=\"lazy\" decoding=\"async\" width=\"640\" height=\"480\" data-id=\"503\" src=\"http:\/\/foerderverein-asr.de\/wp-content\/uploads\/2024\/11\/B13_Unterstuetzung-Sommersportwoche.jpg\" alt=\"\" class=\"wp-image-503\"\/><figcaption class=\"wp-element-caption\">Kennenlerntage &amp; Sommersportwoche <\/figcaption><\/figure>\n<\/figure>\n\n\n\n<figure class=\"wp-block-gallery has-nested-images columns-default is-cropped wp-block-gallery-5 wp-container-content-da97c7ca is-layout-flex wp-block-gallery-is-layout-flex\">\n<figure class=\"wp-block-image size-large\"><img loading=\"lazy\" decoding=\"async\" width=\"768\" height=\"1024\" data-id=\"382\" src=\"http:\/\/foerderverein-asr.de\/wp-content\/uploads\/2022\/04\/9EABC251-CB18-4F52-B38C-310B805CDB1E-768x1024.jpeg\" alt=\"\" class=\"wp-image-382\" srcset=\"https:\/\/foerderverein-asr.de\/wp-content\/uploads\/2022\/04\/9EABC251-CB18-4F52-B38C-310B805CDB1E-768x1024.jpeg 768w, https:\/\/foerderverein-asr.de\/wp-content\/uploads\/2022\/04\/9EABC251-CB18-4F52-B38C-310B805CDB1E-600x800.jpeg 600w, https:\/\/foerderverein-asr.de\/wp-content\/uploads\/2022\/04\/9EABC251-CB18-4F52-B38C-310B805CDB1E-1152x1536.jpeg 1152w, https:\/\/foerderverein-asr.de\/wp-content\/uploads\/2022\/04\/9EABC251-CB18-4F52-B38C-310B805CDB1E-1536x2048.jpeg 1536w, https:\/\/foerderverein-asr.de\/wp-content\/uploads\/2022\/04\/9EABC251-CB18-4F52-B38C-310B805CDB1E-225x300.jpeg 225w, https:\/\/foerderverein-asr.de\/wp-content\/uploads\/2022\/04\/9EABC251-CB18-4F52-B38C-310B805CDB1E-scaled.jpeg 1920w\" sizes=\"auto, (max-width: 768px) 100vw, 768px\" \/><figcaption class=\"wp-element-caption\">Garten AG<\/figcaption><\/figure>\n\n\n\n<figure class=\"wp-block-image size-large\"><img loading=\"lazy\" decoding=\"async\" width=\"906\" height=\"1024\" data-id=\"383\" src=\"http:\/\/foerderverein-asr.de\/wp-content\/uploads\/2022\/04\/B001FB52-36DE-4092-9839-89E8BCA7479D-scaled-e1730949894333-906x1024.jpeg\" alt=\"\" class=\"wp-image-383\"\/><figcaption class=\"wp-element-caption\">Garten AG<\/figcaption><\/figure>\n<\/figure>\n\n\n\n<figure class=\"wp-block-gallery has-nested-images columns-default is-cropped wp-block-gallery-6 is-layout-flex wp-block-gallery-is-layout-flex\">\n<figure class=\"wp-block-image size-large\"><img loading=\"lazy\" decoding=\"async\" width=\"1024\" height=\"768\" data-id=\"502\" src=\"http:\/\/foerderverein-asr.de\/wp-content\/uploads\/2024\/11\/B12_Unterstuetzung-neue-Schuelerbuecherei-1024x768.jpg\" alt=\"\" class=\"wp-image-502\" srcset=\"https:\/\/foerderverein-asr.de\/wp-content\/uploads\/2024\/11\/B12_Unterstuetzung-neue-Schuelerbuecherei-1024x768.jpg 1024w, https:\/\/foerderverein-asr.de\/wp-content\/uploads\/2024\/11\/B12_Unterstuetzung-neue-Schuelerbuecherei-800x600.jpg 800w, https:\/\/foerderverein-asr.de\/wp-content\/uploads\/2024\/11\/B12_Unterstuetzung-neue-Schuelerbuecherei-768x576.jpg 768w, https:\/\/foerderverein-asr.de\/wp-content\/uploads\/2024\/11\/B12_Unterstuetzung-neue-Schuelerbuecherei-1536x1152.jpg 1536w, https:\/\/foerderverein-asr.de\/wp-content\/uploads\/2024\/11\/B12_Unterstuetzung-neue-Schuelerbuecherei-2048x1536.jpg 2048w\" sizes=\"auto, (max-width: 1024px) 100vw, 1024px\" \/><figcaption class=\"wp-element-caption\">Unsere Schulb\u00fccherei<\/figcaption><\/figure>\n<\/figure>\n<\/div>\n\n\n\n<p><\/p>\n","protected":false},"excerpt":{"rendered":"<p>Ziele des Vereins Wir unterst\u00fctzen das Schulleben an der Albert-Schweitzer-Realschule in ideeller und materieller Hinsicht im Schulterschluss mit der Schulleitung und dem Elternbeirat. dabei nehmen wir folgende Rollen und Aufgaben wahr: #NETZWERKER Wir schaffen und pflegen die Verbindung mit \u201eEhemaligen\u201c (Sch\u00fclerInnen\/Eltern\/Lehrkr\u00e4ften) und interessierten Freunden der Schule. #MACHER Wir sind Kooperationspartner der Regierung f\u00fcr Ganztagsangebote (einschlie\u00dflich [&hellip;]<\/p>\n","protected":false},"author":1,"featured_media":462,"parent":0,"menu_order":0,"comment_status":"closed","ping_status":"closed","template":"","meta":{"footnotes":""},"class_list":["post-91","page","type-page","status-publish","has-post-thumbnail","hentry"],"jetpack_sharing_enabled":false,"_links":{"self":[{"href":"https:\/\/foerderverein-asr.de\/index.php?rest_route=\/wp\/v2\/pages\/91","targetHints":{"allow":["GET"]}}],"collection":[{"href":"https:\/\/foerderverein-asr.de\/index.php?rest_route=\/wp\/v2\/pages"}],"about":[{"href":"https:\/\/foerderverein-asr.de\/index.php?rest_route=\/wp\/v2\/types\/page"}],"author":[{"embeddable":true,"href":"https:\/\/foerderverein-asr.de\/index.php?rest_route=\/wp\/v2\/users\/1"}],"replies":[{"embeddable":true,"href":"https:\/\/foerderverein-asr.de\/index.php?rest_route=%2Fwp%2Fv2%2Fcomments&post=91"}],"version-history":[{"count":19,"href":"https:\/\/foerderverein-asr.de\/index.php?rest_route=\/wp\/v2\/pages\/91\/revisions"}],"predecessor-version":[{"id":866,"href":"https:\/\/foerderverein-asr.de\/index.php?rest_route=\/wp\/v2\/pages\/91\/revisions\/866"}],"wp:featuredmedia":[{"embeddable":true,"href":"https:\/\/foerderverein-asr.de\/index.php?rest_route=\/wp\/v2\/media\/462"}],"wp:attachment":[{"href":"https:\/\/foerderverein-asr.de\/index.php?rest_route=%2Fwp%2Fv2%2Fmedia&parent=91"}],"curies":[{"name":"wp","href":"https:\/\/api.w.org\/{rel}","templated":true}]}}